{"id":2,"date":"2023-12-04T09:10:26","date_gmt":"2023-12-04T09:10:26","guid":{"rendered":"https:\/\/novacult.umh.es\/?page_id=2"},"modified":"2024-03-04T16:42:31","modified_gmt":"2024-03-04T16:42:31","slug":"sample-page","status":"publish","type":"page","link":"https:\/\/novacult.umh.es\/","title":{"rendered":"\u00abCultura organizacional e innovaci\u00f3n en el periodismo: exploraci\u00f3n, evaluaci\u00f3n e intervenci\u00f3n hacia un ecosistema medi\u00e1tico sostenible\u00bb."},"content":{"rendered":"\n<figure class=\"wp-block-image size-large is-resized\"><img loading=\"lazy\" decoding=\"async\" width=\"1024\" height=\"546\" src=\"https:\/\/novacult.umh.es\/wp-content\/uploads\/2024\/03\/image-1024x546.png\" alt=\"\" class=\"wp-image-47\" style=\"width:1450px;height:auto\" srcset=\"https:\/\/novacult.umh.es\/wp-content\/uploads\/2024\/03\/image-1024x546.png 1024w, https:\/\/novacult.umh.es\/wp-content\/uploads\/2024\/03\/image-300x160.png 300w, https:\/\/novacult.umh.es\/wp-content\/uploads\/2024\/03\/image-768x410.png 768w, https:\/\/novacult.umh.es\/wp-content\/uploads\/2024\/03\/image-1536x819.png 1536w, https:\/\/novacult.umh.es\/wp-content\/uploads\/2024\/03\/image-1200x640.png 1200w, https:\/\/novacult.umh.es\/wp-content\/uploads\/2024\/03\/image-1568x836.png 1568w, https:\/\/novacult.umh.es\/wp-content\/uploads\/2024\/03\/image-400x213.png 400w, https:\/\/novacult.umh.es\/wp-content\/uploads\/2024\/03\/image.png 1800w\" sizes=\"auto, (max-width: 1024px) 100vw, 1024px\" \/><\/figure>\n\n\n\n<p class=\"has-large-font-size\"><\/p>\n\n\n\n<p>NovaCult es un proyecto de investigaci\u00f3n financiado por el Ministerio de Ciencia e Innovaci\u00f3n cuyo objeto es el estudio de la cultura organizacional y la innovaci\u00f3n en los medios de comunicaci\u00f3n. Espec\u00edficamente, se analizan los factores que condicionan positiva y negativamente el desarrollo de la capacidad innovadora de las organizaciones period\u00edsticas. Adem\u00e1s, se quiere estudiar cr\u00edticamente el impacto que la ideolog\u00eda profesional period\u00edstica (normas, valores y pr\u00e1cticas) puede ejercer sobre las variables de la cultura organizacional que inciden en la innovaci\u00f3n.<\/p>\n\n\n\n<hr class=\"wp-block-separator has-alpha-channel-opacity\"\/>\n\n\n\n<div class=\"wp-block-columns is-layout-flex wp-container-core-columns-is-layout-9d6595d7 wp-block-columns-is-layout-flex\">\n<div class=\"wp-block-column is-layout-flow wp-block-column-is-layout-flow\">\n<figure class=\"wp-block-image size-large is-resized\"><img loading=\"lazy\" decoding=\"async\" width=\"1024\" height=\"281\" src=\"https:\/\/novacult.umh.es\/wp-content\/uploads\/2024\/03\/image-3-1024x281.png\" alt=\"\" class=\"wp-image-55\" style=\"width:274px;height:auto\" srcset=\"https:\/\/novacult.umh.es\/wp-content\/uploads\/2024\/03\/image-3-1024x281.png 1024w, https:\/\/novacult.umh.es\/wp-content\/uploads\/2024\/03\/image-3-300x82.png 300w, https:\/\/novacult.umh.es\/wp-content\/uploads\/2024\/03\/image-3-768x211.png 768w, https:\/\/novacult.umh.es\/wp-content\/uploads\/2024\/03\/image-3-1200x330.png 1200w, https:\/\/novacult.umh.es\/wp-content\/uploads\/2024\/03\/image-3-400x110.png 400w, https:\/\/novacult.umh.es\/wp-content\/uploads\/2024\/03\/image-3.png 1288w\" sizes=\"auto, (max-width: 1024px) 100vw, 1024px\" \/><\/figure>\n<\/div>\n\n\n\n<div class=\"wp-block-column is-layout-flow wp-block-column-is-layout-flow\">\n<figure class=\"wp-block-image size-full is-resized\"><img loading=\"lazy\" decoding=\"async\" width=\"254\" height=\"249\" src=\"https:\/\/novacult.umh.es\/wp-content\/uploads\/2024\/03\/image-4.png\" alt=\"\" class=\"wp-image-57\" style=\"width:79px;height:auto\"\/><\/figure>\n<\/div>\n\n\n\n<div class=\"wp-block-column is-layout-flow wp-block-column-is-layout-flow\"><\/div>\n\n\n\n<div class=\"wp-block-column is-layout-flow wp-block-column-is-layout-flow\">\n<figure class=\"wp-block-image size-full is-resized\"><img loading=\"lazy\" decoding=\"async\" width=\"1024\" height=\"295\" src=\"https:\/\/novacult.umh.es\/wp-content\/uploads\/2024\/03\/image-2.png\" alt=\"\" class=\"wp-image-50\" style=\"width:316px;height:auto\" srcset=\"https:\/\/novacult.umh.es\/wp-content\/uploads\/2024\/03\/image-2.png 1024w, https:\/\/novacult.umh.es\/wp-content\/uploads\/2024\/03\/image-2-300x86.png 300w, https:\/\/novacult.umh.es\/wp-content\/uploads\/2024\/03\/image-2-768x221.png 768w, https:\/\/novacult.umh.es\/wp-content\/uploads\/2024\/03\/image-2-400x115.png 400w\" sizes=\"auto, (max-width: 1024px) 100vw, 1024px\" \/><\/figure>\n<\/div>\n<\/div>\n","protected":false},"excerpt":{"rendered":"<p>NovaCult es un proyecto de investigaci\u00f3n financiado por el Ministerio de Ciencia e Innovaci\u00f3n cuyo objeto es el estudio de la cultura organizacional y la innovaci\u00f3n en los medios de comunicaci\u00f3n. Espec\u00edficamente, se analizan los factores que condicionan positiva y negativamente el desarrollo de la capacidad innovadora de las organizaciones period\u00edsticas. Adem\u00e1s, se quiere estudiar [&hellip;]<\/p>\n","protected":false},"author":1,"featured_media":0,"parent":0,"menu_order":0,"comment_status":"closed","ping_status":"open","template":"","meta":{"newspack_featured_image_position":"","newspack_hide_page_title":false,"newspack_show_share_buttons":false,"footnotes":""},"class_list":["post-2","page","type-page","status-publish","hentry","entry"],"yoast_head":"<!-- This site is optimized with the Yoast SEO plugin v22.1 - https:\/\/yoast.com\/wordpress\/plugins\/seo\/ -->\n<title>&quot;Cultura organizacional e innovaci\u00f3n en el periodismo: exploraci\u00f3n, evaluaci\u00f3n e intervenci\u00f3n hacia un ecosistema medi\u00e1tico sostenible&quot;. - Novacult<\/title>\n<meta name=\"robots\" content=\"index, follow, max-snippet:-1, max-image-preview:large, max-video-preview:-1\" \/>\n<link rel=\"canonical\" href=\"https:\/\/novacult.umh.es\/\" \/>\n<meta property=\"og:locale\" content=\"es_ES\" \/>\n<meta property=\"og:type\" content=\"article\" \/>\n<meta property=\"og:title\" content=\"&quot;Cultura organizacional e innovaci\u00f3n en el periodismo: exploraci\u00f3n, evaluaci\u00f3n e intervenci\u00f3n hacia un ecosistema medi\u00e1tico sostenible&quot;. - Novacult\" \/>\n<meta property=\"og:description\" content=\"NovaCult es un proyecto de investigaci\u00f3n financiado por el Ministerio de Ciencia e Innovaci\u00f3n cuyo objeto es el estudio de la cultura organizacional y la innovaci\u00f3n en los medios de comunicaci\u00f3n. Espec\u00edficamente, se analizan los factores que condicionan positiva y negativamente el desarrollo de la capacidad innovadora de las organizaciones period\u00edsticas. Adem\u00e1s, se quiere estudiar [&hellip;]\" \/>\n<meta property=\"og:url\" content=\"https:\/\/novacult.umh.es\/\" \/>\n<meta property=\"og:site_name\" content=\"Novacult\" \/>\n<meta property=\"article:modified_time\" content=\"2024-03-04T16:42:31+00:00\" \/>\n<meta property=\"og:image\" content=\"https:\/\/novacult.umh.es\/wp-content\/uploads\/2024\/03\/image-1024x546.png\" \/>\n<meta name=\"twitter:card\" content=\"summary_large_image\" \/>\n<meta name=\"twitter:site\" content=\"@mipumh\" \/>\n<meta name=\"twitter:label1\" content=\"Tiempo de lectura\" \/>\n\t<meta name=\"twitter:data1\" content=\"2 minutos\" \/>\n<script type=\"application\/ld+json\" class=\"yoast-schema-graph\">{\"@context\":\"https:\/\/schema.org\",\"@graph\":[{\"@type\":\"WebPage\",\"@id\":\"https:\/\/novacult.umh.es\/\",\"url\":\"https:\/\/novacult.umh.es\/\",\"name\":\"\\\"Cultura organizacional e innovaci\u00f3n en el periodismo: exploraci\u00f3n, evaluaci\u00f3n e intervenci\u00f3n hacia un ecosistema medi\u00e1tico sostenible\\\". - Novacult\",\"isPartOf\":{\"@id\":\"https:\/\/novacult.umh.es\/#website\"},\"datePublished\":\"2023-12-04T09:10:26+00:00\",\"dateModified\":\"2024-03-04T16:42:31+00:00\",\"breadcrumb\":{\"@id\":\"https:\/\/novacult.umh.es\/#breadcrumb\"},\"inLanguage\":\"es\",\"potentialAction\":[{\"@type\":\"ReadAction\",\"target\":[\"https:\/\/novacult.umh.es\/\"]}]},{\"@type\":\"BreadcrumbList\",\"@id\":\"https:\/\/novacult.umh.es\/#breadcrumb\",\"itemListElement\":[{\"@type\":\"ListItem\",\"position\":1,\"name\":\"Home\",\"item\":\"https:\/\/novacult.umh.es\/\"},{\"@type\":\"ListItem\",\"position\":2,\"name\":\"\u00abCultura organizacional e innovaci\u00f3n en el periodismo: exploraci\u00f3n, evaluaci\u00f3n e intervenci\u00f3n hacia un ecosistema medi\u00e1tico sostenible\u00bb.\"}]},{\"@type\":\"WebSite\",\"@id\":\"https:\/\/novacult.umh.es\/#website\",\"url\":\"https:\/\/novacult.umh.es\/\",\"name\":\"Novacult\",\"description\":\"Cultura organizacional e innovaci\u00f3n en periodismo\",\"publisher\":{\"@id\":\"https:\/\/novacult.umh.es\/#organization\"},\"potentialAction\":[{\"@type\":\"SearchAction\",\"target\":{\"@type\":\"EntryPoint\",\"urlTemplate\":\"https:\/\/novacult.umh.es\/?s={search_term_string}\"},\"query-input\":\"required name=search_term_string\"}],\"inLanguage\":\"es\"},{\"@type\":\"Organization\",\"@id\":\"https:\/\/novacult.umh.es\/#organization\",\"name\":\"Novacult\",\"url\":\"https:\/\/novacult.umh.es\/\",\"logo\":{\"@type\":\"ImageObject\",\"inLanguage\":\"es\",\"@id\":\"https:\/\/novacult.umh.es\/#\/schema\/logo\/image\/\",\"url\":\"https:\/\/novacult.umh.es\/wp-content\/uploads\/2024\/03\/Group-2-1.png\",\"contentUrl\":\"https:\/\/novacult.umh.es\/wp-content\/uploads\/2024\/03\/Group-2-1.png\",\"width\":414,\"height\":119,\"caption\":\"Novacult\"},\"image\":{\"@id\":\"https:\/\/novacult.umh.es\/#\/schema\/logo\/image\/\"},\"sameAs\":[\"https:\/\/twitter.com\/mipumh\"]}]}<\/script>\n<!-- \/ Yoast SEO plugin. -->","yoast_head_json":{"title":"\"Cultura organizacional e innovaci\u00f3n en el periodismo: exploraci\u00f3n, evaluaci\u00f3n e intervenci\u00f3n hacia un ecosistema medi\u00e1tico sostenible\". - Novacult","robots":{"index":"index","follow":"follow","max-snippet":"max-snippet:-1","max-image-preview":"max-image-preview:large","max-video-preview":"max-video-preview:-1"},"canonical":"https:\/\/novacult.umh.es\/","og_locale":"es_ES","og_type":"article","og_title":"\"Cultura organizacional e innovaci\u00f3n en el periodismo: exploraci\u00f3n, evaluaci\u00f3n e intervenci\u00f3n hacia un ecosistema medi\u00e1tico sostenible\". - Novacult","og_description":"NovaCult es un proyecto de investigaci\u00f3n financiado por el Ministerio de Ciencia e Innovaci\u00f3n cuyo objeto es el estudio de la cultura organizacional y la innovaci\u00f3n en los medios de comunicaci\u00f3n. Espec\u00edficamente, se analizan los factores que condicionan positiva y negativamente el desarrollo de la capacidad innovadora de las organizaciones period\u00edsticas. Adem\u00e1s, se quiere estudiar [&hellip;]","og_url":"https:\/\/novacult.umh.es\/","og_site_name":"Novacult","article_modified_time":"2024-03-04T16:42:31+00:00","og_image":[{"url":"https:\/\/novacult.umh.es\/wp-content\/uploads\/2024\/03\/image-1024x546.png"}],"twitter_card":"summary_large_image","twitter_site":"@mipumh","twitter_misc":{"Tiempo de lectura":"2 minutos"},"schema":{"@context":"https:\/\/schema.org","@graph":[{"@type":"WebPage","@id":"https:\/\/novacult.umh.es\/","url":"https:\/\/novacult.umh.es\/","name":"\"Cultura organizacional e innovaci\u00f3n en el periodismo: exploraci\u00f3n, evaluaci\u00f3n e intervenci\u00f3n hacia un ecosistema medi\u00e1tico sostenible\". - Novacult","isPartOf":{"@id":"https:\/\/novacult.umh.es\/#website"},"datePublished":"2023-12-04T09:10:26+00:00","dateModified":"2024-03-04T16:42:31+00:00","breadcrumb":{"@id":"https:\/\/novacult.umh.es\/#breadcrumb"},"inLanguage":"es","potentialAction":[{"@type":"ReadAction","target":["https:\/\/novacult.umh.es\/"]}]},{"@type":"BreadcrumbList","@id":"https:\/\/novacult.umh.es\/#breadcrumb","itemListElement":[{"@type":"ListItem","position":1,"name":"Home","item":"https:\/\/novacult.umh.es\/"},{"@type":"ListItem","position":2,"name":"\u00abCultura organizacional e innovaci\u00f3n en el periodismo: exploraci\u00f3n, evaluaci\u00f3n e intervenci\u00f3n hacia un ecosistema medi\u00e1tico sostenible\u00bb."}]},{"@type":"WebSite","@id":"https:\/\/novacult.umh.es\/#website","url":"https:\/\/novacult.umh.es\/","name":"Novacult","description":"Cultura organizacional e innovaci\u00f3n en periodismo","publisher":{"@id":"https:\/\/novacult.umh.es\/#organization"},"potentialAction":[{"@type":"SearchAction","target":{"@type":"EntryPoint","urlTemplate":"https:\/\/novacult.umh.es\/?s={search_term_string}"},"query-input":"required name=search_term_string"}],"inLanguage":"es"},{"@type":"Organization","@id":"https:\/\/novacult.umh.es\/#organization","name":"Novacult","url":"https:\/\/novacult.umh.es\/","logo":{"@type":"ImageObject","inLanguage":"es","@id":"https:\/\/novacult.umh.es\/#\/schema\/logo\/image\/","url":"https:\/\/novacult.umh.es\/wp-content\/uploads\/2024\/03\/Group-2-1.png","contentUrl":"https:\/\/novacult.umh.es\/wp-content\/uploads\/2024\/03\/Group-2-1.png","width":414,"height":119,"caption":"Novacult"},"image":{"@id":"https:\/\/novacult.umh.es\/#\/schema\/logo\/image\/"},"sameAs":["https:\/\/twitter.com\/mipumh"]}]}},"_links":{"self":[{"href":"https:\/\/novacult.umh.es\/index.php?rest_route=\/wp\/v2\/pages\/2","targetHints":{"allow":["GET"]}}],"collection":[{"href":"https:\/\/novacult.umh.es\/index.php?rest_route=\/wp\/v2\/pages"}],"about":[{"href":"https:\/\/novacult.umh.es\/index.php?rest_route=\/wp\/v2\/types\/page"}],"author":[{"embeddable":true,"href":"https:\/\/novacult.umh.es\/index.php?rest_route=\/wp\/v2\/users\/1"}],"replies":[{"embeddable":true,"href":"https:\/\/novacult.umh.es\/index.php?rest_route=%2Fwp%2Fv2%2Fcomments&post=2"}],"version-history":[{"count":8,"href":"https:\/\/novacult.umh.es\/index.php?rest_route=\/wp\/v2\/pages\/2\/revisions"}],"predecessor-version":[{"id":66,"href":"https:\/\/novacult.umh.es\/index.php?rest_route=\/wp\/v2\/pages\/2\/revisions\/66"}],"wp:attachment":[{"href":"https:\/\/novacult.umh.es\/index.php?rest_route=%2Fwp%2Fv2%2Fmedia&parent=2"}],"curies":[{"name":"wp","href":"https:\/\/api.w.org\/{rel}","templated":true}]}}